{"id":1229,"date":"2020-03-22T10:27:00","date_gmt":"2020-03-22T10:27:00","guid":{"rendered":""},"modified":"2025-06-19T15:56:00","modified_gmt":"2025-06-19T15:56:00","slug":"fotos-2020","status":"publish","type":"page","link":"https:\/\/fallabolseria.es\/index.php\/fotos-2020\/","title":{"rendered":"FOTOS 2020"},"content":{"rendered":"<p style=\"text-align: left;\">\n<p style=\"line-height: 150%;\">\n<div style=\"text-align: left;\"><span style=\"font-family: trebuchet; font-size: medium;\"><span style=\"color: #400000; line-height: 107%;\"><a href=\"https:\/\/www.blogger.com\/u\/2\/blog\/page\/edit\/6082128578721280644\/6175878403136916445\"><span style=\"color: #400000;\">2019-05-31 DESIGNACI\u00d3 REPRESENTANTS<br \/><\/span><\/a><\/span><span style=\"color: #400000; line-height: 107%;\"><a href=\"https:\/\/www.blogger.com\/u\/2\/blog\/page\/edit\/6082128578721280644\/6175878403136916445\"><span style=\"color: #400000;\">2019-06-21 BERBENA DE SANT JOAN<br \/><\/span><\/a><\/span><span style=\"color: #400000; line-height: 107%;\"><a href=\"https:\/\/photos.google.com\/share\/AF1QipNH6aTj-wEK6fKJvwkbL8ys45sgk6xdNDOTblTSmCnseEKxB0Eh9CkgyQFB89cDaw?key=ZFd1Si1DX2ZzMDVYZEZnVFRDS1JuekpibjFNU3VR\" style=\"-webkit-text-stroke-width: 0px;\"><span style=\"color: #400000;\">2019-10-05 FICIV<br \/><\/span><\/a><\/span><span style=\"color: #400000; line-height: 107%;\"><a href=\"https:\/\/photos.google.com\/share\/AF1QipN8QjIdUGLlcIYMVXntHvzIppzwcEqSlBNYfj5QAtINr265DJHiC-g1pXFfzNQc6Q?key=T0dfWGZSSlFCbERmS0g2LTJrMmdmWVdQcWZseFJR\" style=\"-webkit-text-stroke-width: 0px;\"><span style=\"color: #400000;\">2019-10-13 BERENAR<br \/>\nAEPSF INFANTILS&nbsp;<br \/><\/span><\/a><\/span><span style=\"color: #400000; line-height: 107%;\"><a href=\"https:\/\/photos.app.goo.gl\/azE6Ku7vAshv9AYz6\" style=\"-webkit-text-stroke-width: 0px;\"><span style=\"color: #400000;\">2019-10-19 NOMENAMENT<br \/>\nFFMMS I PRESIDENT INFANTIL<br \/><\/span><\/a><\/span><span style=\"color: #400000; line-height: 107%;\"><a href=\"https:\/\/photos.app.goo.gl\/bkJcZvgENn16BgcR8\" style=\"-webkit-text-stroke-width: 0px;\"><span style=\"color: #400000;\">2019-10-25 HALLOWEN<br \/><\/span><\/a><\/span><span style=\"color: #400000; line-height: 107%;\"><a href=\"https:\/\/photos.app.goo.gl\/w4sdHg73Rqz8Tvwx6\" style=\"-webkit-text-stroke-width: 0px;\"><span style=\"color: #400000;\">2019-11-23<br \/>\nOCTOBER-NOVEMBER FEST<br \/><\/span><\/a><\/span><span style=\"color: #400000; line-height: 107%;\"><a href=\"https:\/\/photos.app.goo.gl\/Uvrj92fvaPsWCnwF8\" style=\"-webkit-text-stroke-width: 0px;\"><span style=\"color: #400000;\">2019-11-09 PRESENTACI\u00d3<br \/>\nESBOSSOS<br \/><\/span><\/a><\/span><span style=\"color: #400000; line-height: 107%;\"><a href=\"https:\/\/www.blogger.com\/u\/2\/blog\/page\/edit\/6082128578721280644\/6175878403136916445\"><span style=\"color: #400000;\">2019-11-23 OKTOBER-NOVEMBER FEST<br \/><\/span><\/a><\/span><span style=\"color: #400000; line-height: 107%;\"><a href=\"https:\/\/www.blogger.com\/u\/2\/blog\/page\/edit\/6082128578721280644\/6175878403136916445\"><span style=\"color: #400000;\">2019-11-24 NAIXEMENT&nbsp;<br \/><\/span><\/a><\/span><span style=\"color: #400000; line-height: 107%;\"><a href=\"https:\/\/www.blogger.com\/u\/2\/blog\/page\/edit\/6082128578721280644\/6175878403136916445\"><span style=\"color: #400000;\">2019-12-15 EXALTACI\u00d3 FALLERES MAJORS<br \/><\/span><\/a><\/span><span style=\"color: #400000; line-height: 107%;\"><a href=\"https:\/\/www.blogger.com\/u\/2\/blog\/page\/edit\/6082128578721280644\/6175878403136916445\"><span style=\"color: #400000;\">2019-12-20 AEPSF PRESENTACI\u00d3 ESBOSSOS<br \/><\/span><\/a><\/span><span style=\"color: #400000; line-height: 107%;\"><a href=\"https:\/\/photos.app.goo.gl\/PLavXYUG1GeHjE1a8\" style=\"-webkit-text-stroke-width: 0px;\"><span style=\"color: #400000;\">2020-01-02 FFEIG<br \/>\nBERENAR INFANTIL&nbsp;<br \/><\/span><\/a><\/span><span style=\"color: #400000; line-height: 107%;\"><a href=\"https:\/\/photos.app.goo.gl\/mj5aqnyZExkpwopQA\" style=\"-webkit-text-stroke-width: 0px;\"><span style=\"color: #400000;\">2020-01-04 AEPSF VISITA<br \/>\nCARTER REAL<br \/><\/span><\/a><\/span><span style=\"color: #400000; line-height: 107%;\"><a href=\"https:\/\/photos.app.goo.gl\/pMwB5vypzBMsnPBj6\" style=\"-webkit-text-stroke-width: 0px;\"><span style=\"color: #400000;\">2020-01 &nbsp;<br \/>\n&nbsp;&nbsp; PRESENTACIONS VARIES&nbsp;<br \/><\/span><\/a><\/span><span style=\"color: #400000; line-height: 107%;\"><a href=\"https:\/\/photos.app.goo.gl\/ysAG9LzDBhCmnexb8\" style=\"-webkit-text-stroke-width: 0px;\"><span style=\"color: #400000;\">2020-31-01 ACTIVITATS<br \/>\nAL CASAL<br \/><\/span><\/a><\/span><span style=\"color: #400000; line-height: 107%;\"><a href=\"https:\/\/photos.app.goo.gl\/tfvNL7rSShr7rHEv5\" style=\"-webkit-text-stroke-width: 0px;\"><span style=\"color: #400000;\">2020-02-1 VISITA AL<br \/>\nTALLER DE LA FALLA GRAN&nbsp;<br \/><\/span><\/a><\/span><span style=\"color: #400000; line-height: 107%;\"><a href=\"https:\/\/photos.app.goo.gl\/vucGBA4Zdq8Fx1Pc9\" style=\"-webkit-text-stroke-width: 0px;\"><span style=\"color: #400000;\">2020-02-01 LA FESTA DE<br \/>\nCARLA<br \/><\/span><\/a><\/span><span style=\"color: #400000; line-height: 107%;\"><a href=\"https:\/\/photos.app.goo.gl\/MMhGTVcMWyJ2ftqc6\" style=\"-webkit-text-stroke-width: 0px;\"><span style=\"color: #400000;\">2020-02-02 IMPOSICI\u00d3<br \/>\nINSIGNIES AGRUPACI\u00d3<br \/><\/span><\/a><\/span><span style=\"color: #400000; line-height: 107%;\"><a href=\"https:\/\/photos.app.goo.gl\/v1CJEm8nJo1DMqGD7\" style=\"-webkit-text-stroke-width: 0px;\"><span style=\"color: #400000;\">2020-02-08 VISITA FALLA<br \/>\nINFANTIL<br \/><\/span><\/a><\/span><span style=\"color: #400000; line-height: 107%;\"><a href=\"https:\/\/photos.app.goo.gl\/MFHHNKfEDZatWxiP9\" style=\"-webkit-text-stroke-width: 0px;\"><span style=\"color: #400000;\">2020-02-08 EL BERENAR<br \/>\nDE KIKE<br \/><\/span><\/a><\/span><span style=\"color: #400000; line-height: 107%;\"><a href=\"https:\/\/photos.app.goo.gl\/PjYKBhMFdAzzrjAH9\" style=\"-webkit-text-stroke-width: 0px;\"><span style=\"color: #400000;\">2020-02-15 INTERCAMVI<br \/>\nDE FOTOGRAFIES<br \/><\/span><\/a><\/span><span style=\"color: #400000; line-height: 107%;\"><a href=\"https:\/\/photos.app.goo.gl\/je7xbhAH9NXx8S6z6\" style=\"-webkit-text-stroke-width: 0px;\"><span style=\"color: #400000;\">2020-02-15 LA BONICA<br \/>\nNIT DE EMI<br \/><\/span><\/a><\/span><span style=\"color: #400000; line-height: 107%;\"><a href=\"https:\/\/photos.app.goo.gl\/NRZGFX6tnNxo7ver6\" style=\"-webkit-text-stroke-width: 0px;\"><span style=\"color: #400000;\">2020-02-16 PRESENTACI\u00d3<br \/>\nLLIBRET SAPSF<br \/><\/span><\/a><\/span><span style=\"color: #400000; line-height: 107%;\"><a href=\"https:\/\/photos.app.goo.gl\/GzMtsXnMhqqg3UUd8\" style=\"-webkit-text-stroke-width: 0px;\"><span style=\"color: #400000;\">2020-02-22 VISITA<br \/>\nEXPOSICI\u00d3 DEL NINOT<br \/><\/span><\/a><\/span><span style=\"color: #400000; line-height: 107%;\"><a href=\"https:\/\/photos.app.goo.gl\/nshxZ9aCkeE5kEFh6\" style=\"-webkit-text-stroke-width: 0px;\"><span style=\"color: #400000;\">2020-02-22<br \/>\n\u00abPHOTOCALL\u00bb SOPAR DE GALA&nbsp;<br \/><\/span><\/a><\/span><span style=\"color: #400000; line-height: 107%;\"><a href=\"https:\/\/photos.app.goo.gl\/TZRDCreZFy1E22Uv7\" style=\"-webkit-text-stroke-width: 0px;\"><span style=\"color: #400000;\">2020-02-22 SOPAR DE<br \/>\nGALA&nbsp;<br \/><\/span><\/a><\/span><span style=\"color: #400000; line-height: 107%;\"><a href=\"https:\/\/photos.app.goo.gl\/5CaEdRR262C6oTvR9\" style=\"-webkit-text-stroke-width: 0px;\"><span style=\"color: #400000;\">2020-02-29 PRESENTACI\u00d3<br \/>\nLLIBRET<br \/><\/span><\/a><\/span><span style=\"color: #400000; line-height: 107%;\"><a href=\"https:\/\/photos.app.goo.gl\/m3Kwte3ZaEKoVUTu7\" style=\"-webkit-text-stroke-width: 0px;\"><span style=\"color: #400000;\">2020-03-01 FALLERS<br \/>\nD\u00b4HONOR<br \/><\/span><\/a><\/span><span style=\"color: #400000; line-height: 107%;\"><a href=\"https:\/\/photos.app.goo.gl\/SydyudhktmBRpKV58\" style=\"-webkit-text-stroke-width: 0px;\"><span style=\"color: #400000;\">2020-03-01 CRIDA&nbsp;<br \/><\/span><\/a><\/span><span style=\"color: #400000; line-height: 107%;\"><a href=\"https:\/\/photos.app.goo.gl\/ETYPcf1jLadxL1nM7\" style=\"-webkit-text-stroke-width: 0px;\"><span style=\"color: #400000;\">2020-03-07 CAVALCADA<br \/>\nDEL NINOT (L.SIFRE)&nbsp;<br \/><\/span><\/a><\/span><span style=\"color: #400000; line-height: 107%;\"><a href=\"https:\/\/photos.app.goo.gl\/2H588kR3dbv8ZNgB7\" style=\"-webkit-text-stroke-width: 0px;\"><span style=\"color: #400000;\">2020-03-22 COLOREANDO<br \/>\nLAS FALLAS<\/span><\/a><\/span><\/span><\/div><\/p>\n","protected":false},"excerpt":{"rendered":"<p>2019-05-31 DESIGNACI\u00d3 REPRESENTANTS2019-06-21 BERBENA DE SANT JOAN2019-10-05 FICIV2019-10-13 BERENAR AEPSF INFANTILS&nbsp;2019-10-19 NOMENAMENT FFMMS I PRESIDENT INFANTIL2019-10-25 HALLOWEN2019-11-23 OCTOBER-NOVEMBER FEST2019-11-09 PRESENTACI\u00d3 ESBOSSOS2019-11-23 OKTOBER-NOVEMBER FEST2019-11-24 NAIXEMENT&nbsp;2019-12-15 EXALTACI\u00d3 FALLERES MAJORS2019-12-20 AEPSF PRESENTACI\u00d3 ESBOSSOS2020-01-02 FFEIG BERENAR INFANTIL&nbsp;2020-01-04 AEPSF VISITA CARTER REAL2020-01 &nbsp; &nbsp;&nbsp; PRESENTACIONS VARIES&nbsp;2020-31-01 ACTIVITATS AL CASAL2020-02-1 VISITA AL TALLER DE LA FALLA GRAN&nbsp;2020-02-01 LA FESTA DE CARLA2020-02-02 &hellip; <\/p>\n<p class=\"link-more\"><a href=\"https:\/\/fallabolseria.es\/index.php\/fotos-2020\/\" class=\"more-link\">Continuar leyendo<span class=\"screen-reader-text\"> \u00abFOTOS 2020\u00bb<\/span><\/a><\/p>\n","protected":false},"author":2,"featured_media":0,"parent":0,"menu_order":0,"comment_status":"closed","ping_status":"closed","template":"","meta":{"footnotes":""},"class_list":["post-1229","page","type-page","status-publish","hentry"],"_links":{"self":[{"href":"https:\/\/fallabolseria.es\/index.php\/wp-json\/wp\/v2\/pages\/1229","targetHints":{"allow":["GET"]}}],"collection":[{"href":"https:\/\/fallabolseria.es\/index.php\/wp-json\/wp\/v2\/pages"}],"about":[{"href":"https:\/\/fallabolseria.es\/index.php\/wp-json\/wp\/v2\/types\/page"}],"author":[{"embeddable":true,"href":"https:\/\/fallabolseria.es\/index.php\/wp-json\/wp\/v2\/users\/2"}],"replies":[{"embeddable":true,"href":"https:\/\/fallabolseria.es\/index.php\/wp-json\/wp\/v2\/comments?post=1229"}],"version-history":[{"count":0,"href":"https:\/\/fallabolseria.es\/index.php\/wp-json\/wp\/v2\/pages\/1229\/revisions"}],"wp:attachment":[{"href":"https:\/\/fallabolseria.es\/index.php\/wp-json\/wp\/v2\/media?parent=1229"}],"curies":[{"name":"wp","href":"https:\/\/api.w.org\/{rel}","templated":true}]}}