{"id":1222,"date":"2024-12-22T21:28:00","date_gmt":"2024-12-22T21:28:00","guid":{"rendered":""},"modified":"2025-12-15T20:05:50","modified_gmt":"2025-12-15T20:05:50","slug":"fotos-2025","status":"publish","type":"page","link":"https:\/\/fallabolseria.es\/index.php\/fotos-2025\/","title":{"rendered":"FOTOS 2025"},"content":{"rendered":"\t\t<div data-elementor-type=\"wp-page\" data-elementor-id=\"1222\" class=\"elementor elementor-1222\">\n\t\t\t\t<div class=\"elementor-element elementor-element-337f4077 e-flex e-con-boxed e-con e-parent\" data-id=\"337f4077\" data-element_type=\"container\" data-e-type=\"container\">\n\t\t\t\t\t<div class=\"e-con-inner\">\n\t\t\t\t<div class=\"elementor-element elementor-element-30f572ad elementor-widget elementor-widget-text-editor\" data-id=\"30f572ad\" data-element_type=\"widget\" data-e-type=\"widget\" data-widget_type=\"text-editor.default\">\n\t\t\t\t<div class=\"elementor-widget-container\">\n\t\t\t\t\t\t\t\t\t<div style=\"line-height: normal; margin-bottom: 0cm; text-align: left;\">\u00a0<\/div><div style=\"line-height: normal; margin-bottom: 0cm; text-align: left;\"><div style=\"color: black; line-height: normal; margin-bottom: 0cm;\"><a style=\"font-size: medium; background-color: #fcf0d8;\" href=\"https:\/\/photos.app.goo.gl\/kLwa7Quzo25jBn1K7\" target=\"_blank\" rel=\"noopener\"><span style=\"color: #400000;\">14-06-<\/span><span style=\"color: #400000;\">2025\u00a0<\/span><span style=\"color: #400000;\">PAELLAS TAPA Y M\u00daSICA DE SAN JUAN<\/span><\/a><\/div><div><div style=\"line-height: normal; margin-bottom: 0cm;\"><div style=\"background-color: #fcf0d8; text-align: left;\"><a href=\"https:\/\/photos.app.goo.gl\/UhnQBWkyaCb2M8qd6\" target=\"_blank\" rel=\"noopener\"><span style=\"font-size: medium;\"><span style=\"color: #400000;\">18-05-<\/span><span style=\"color: #400000;\">2025\u00a0<\/span><\/span><span style=\"color: #400000; font-size: medium;\">PAELLAS AGRUPACI\u00d3N EL PILAR SANT FRANCESC<\/span><\/a><\/div><div style=\"background-color: #fcf0d8; text-align: left;\"><a href=\"https:\/\/photos.app.goo.gl\/52oindvW3wphepP4A\" target=\"_blank\" rel=\"noopener\"><span style=\"font-size: medium;\"><span style=\"color: #400000;\">10-05-<\/span><span style=\"color: #400000;\">2025 BOLSERIACHEF II EDICI\u00d3N<\/span><\/span><\/a><\/div><div style=\"background-color: #fcf0d8; text-align: left;\"><a href=\"https:\/\/photos.app.goo.gl\/8ReUnToGbB5zZ1J48\" target=\"_blank\" rel=\"noopener\"><span style=\"color: #400000; font-size: medium;\">19-03-2025 CENA Y CREM\u00c1 FALLA GRANDE<\/span><\/a><\/div><div style=\"background-color: #fcf0d8; text-align: left;\"><a href=\"https:\/\/photos.app.goo.gl\/tG9Eg1xtn8tommUt9\" target=\"_blank\" rel=\"noopener\"><span style=\"color: #400000; font-size: medium;\">19-03-2025 PASACALLE Y CREM\u00c1 INFANTIL<\/span><\/a><\/div><div style=\"background-color: #fcf0d8; text-align: left;\"><a href=\"https:\/\/photos.app.goo.gl\/kbPXiWWKP37SWcT5A\" target=\"_blank\" rel=\"noopener\"><span style=\"color: #400000; font-size: medium;\">19-03-2025 TARDE DE JUEGOS<\/span><\/a><\/div><div style=\"background-color: #fcf0d8; text-align: left;\"><span style=\"color: #400000;\"><a href=\"https:\/\/photos.app.goo.gl\/xVwzM2JnD4cC6bye6\" target=\"_blank\" rel=\"noopener\"><span style=\"color: #400000; font-size: medium;\">19-03-2025 HOMENAJE A BERNAT I BALDOVI<\/span><\/a><\/span><\/div><div style=\"background-color: #fcf0d8; text-align: left;\"><a href=\"https:\/\/photos.app.goo.gl\/12ZBqD2SPKtWGMWD7\" target=\"_blank\" rel=\"noopener\"><span style=\"color: #400000; font-size: medium;\">19-03-2025 MISA DE SAN JOS\u00c9<\/span><\/a><\/div><div style=\"background-color: #fcf0d8; text-align: left;\"><a href=\"https:\/\/photos.app.goo.gl\/Spq9wq88UFnriiZr8\" target=\"_blank\" rel=\"noopener\"><span style=\"color: #400000; font-size: medium;\">18-03-2025 OFRENDA DE FLORES<\/span><\/a><\/div><div style=\"background-color: #fcf0d8; text-align: left;\"><span style=\"color: #400000; font-size: medium;\"><a href=\"https:\/\/photos.app.goo.gl\/sTHeswa9YXaSSYmo9\" target=\"_blank\" rel=\"noopener\"><span style=\"color: #400000;\">17-03-2025 NOCHE DE DJ<\/span><\/a><\/span><\/div><div style=\"background-color: #fcf0d8; text-align: left;\"><a href=\"https:\/\/photos.app.goo.gl\/2Y2aqFGT2dpg9qfg9\" target=\"_blank\" rel=\"noopener\"><span style=\"color: #400000; font-size: medium;\">17-03-2025 PASACALLE CON \u00abLA FOLKI\u00bb<\/span><\/a><\/div><div style=\"background-color: #fcf0d8; text-align: left;\"><a href=\"https:\/\/photos.app.goo.gl\/9816Ze5fXM1HZ4vn7\" target=\"_blank\" rel=\"noopener\"><span style=\"color: #400000; font-size: medium;\">17-03-2025 VISITA A LA GENERALITAT<\/span><\/a><\/div><div style=\"background-color: #fcf0d8; text-align: left;\"><a href=\"https:\/\/photos.app.goo.gl\/Bhtfg1CwgsWKx1jP7\" target=\"_blank\" rel=\"noopener\"><span style=\"color: #400000; font-size: medium;\">17-03-2025 RECOGIDA DE PREMIOS<\/span><\/a><\/div><div style=\"background-color: #fcf0d8; text-align: left;\"><a href=\"https:\/\/photos.app.goo.gl\/hstAGPvKMXCFmSxJ9\" target=\"_blank\" rel=\"noopener\"><span style=\"color: #400000; font-size: medium;\">16-03-2025 RECOGIDA DE PREMIOS INFANTILES<\/span><\/a><\/div><div style=\"background-color: #fcf0d8; text-align: left;\"><a href=\"https:\/\/photos.app.goo.gl\/Bhtfg1CwgsWKx1jP7\" target=\"_blank\" rel=\"noopener\"><span style=\"color: #400000; font-size: medium;\">16-03-2025 ARR\u00d3S AMB BLEDES<\/span><\/a><\/div><div style=\"background-color: #fcf0d8; text-align: left;\"><span style=\"color: #400000; font-size: medium;\"><a href=\"https:\/\/photos.app.goo.gl\/D6rfGDLSz3jjNvep7\" target=\"_blank\" rel=\"noopener\"><span style=\"color: #400000;\">15-03-2025 PLANT\u00c1 DE LA FALLA GRANDE<\/span><\/a><\/span><\/div><div style=\"background-color: #fcf0d8; text-align: left;\"><span style=\"color: #400000; font-size: medium;\"><a href=\"https:\/\/photos.app.goo.gl\/XpTMwLW636XtfBPW9\" target=\"_blank\" rel=\"noopener\"><span style=\"color: #400000;\">15-03-2025 LLOCS DE FUSTA<\/span><\/a><\/span><\/div><div style=\"background-color: #fcf0d8; text-align: left;\"><span style=\"color: #400000; font-size: medium;\"><a href=\"https:\/\/photos.app.goo.gl\/S9Lj45Ax4MyxXR1E7\" target=\"_blank\" rel=\"noopener\"><span style=\"color: #400000;\">14-03-2025 PLANT\u00c1 INFANTIL<\/span><\/a><\/span><\/div><div style=\"background-color: #fcf0d8; text-align: left;\"><span style=\"color: #400000; font-size: medium;\"><a href=\"https:\/\/photos.app.goo.gl\/bAGf9cQd5A3ap5Hw8\" target=\"_blank\" rel=\"noopener\"><span style=\"color: #400000;\">14-03-2025 RECOGIDA NINOT INFANTIL<\/span><\/a><\/span><\/div><div style=\"background-color: #fcf0d8; text-align: left;\"><a href=\"https:\/\/photos.app.goo.gl\/So1VhNvMqyTRtx4Q8\" target=\"_blank\" rel=\"noopener\"><span style=\"font-size: medium;\"><span style=\"color: #400000;\">13-03-2025<\/span>\u00a0<span style=\"color: #400000;\">VISITA A LAS FALLAS DE ESPECIAL<\/span><\/span><\/a><\/div><div style=\"background-color: #fcf0d8; text-align: left;\"><span style=\"font-size: medium;\"><a href=\"https:\/\/photos.app.goo.gl\/mBoCJpXAsrscnUpn6\" target=\"_blank\" rel=\"noopener\"><span style=\"color: #400000;\">13-03-2025<\/span><span style=\"color: #400000;\">\u00a0LA LEVANT\u00c1 DE LA FALLA INFANTIL<\/span><\/a><\/span><\/div><div style=\"background-color: #fcf0d8; text-align: left;\"><a href=\"https:\/\/photos.app.goo.gl\/XD8mUsCbHjoMhQTt5\" target=\"_blank\" rel=\"noopener\"><span style=\"color: #400000; font-size: medium;\">10-03-2025 LA LEVANT\u00c1 DE LA FALLA<\/span><\/a><\/div><div style=\"background-color: #fcf0d8; text-align: left;\"><span style=\"color: #400000; font-size: medium;\"><a href=\"https:\/\/photos.app.goo.gl\/XissFGCpyMv37uNXA\" target=\"_blank\" rel=\"noopener\"><span style=\"color: #400000;\">09-03-2025\u00a0PAELLAS PRE FALLAS<\/span><\/a><\/span><\/div><div style=\"background-color: #fcf0d8; text-align: left;\"><a href=\"https:\/\/photos.app.goo.gl\/7EoJTPaab4iL7Qso8\" target=\"_blank\" rel=\"noopener\"><span style=\"color: #400000; font-size: medium;\">09-03-2025 LLEGA LA FALLA A LA PLAZA<\/span><\/a><\/div><div style=\"background-color: #fcf0d8; text-align: left;\"><span style=\"font-size: medium;\"><a href=\"https:\/\/photos.app.goo.gl\/dz6ad8E7su29F5RX7\" target=\"_blank\" rel=\"noopener\"><span style=\"color: #400000;\">08-03<\/span>&#8211;<span style=\"color: #400000;\">2025 A TODA SEPIA<\/span><\/a><\/span><\/div><div style=\"background-color: #fcf0d8; text-align: left;\"><a href=\"https:\/\/photos.app.goo.gl\/XgnuQdQX9JUEGYYu9\" target=\"_blank\" rel=\"noopener\"><span style=\"color: #400000; font-size: medium;\">02-03-2025 FALLEROS DE HONOR<\/span><\/a><\/div><div style=\"background-color: #fcf0d8; text-align: left;\"><span style=\"color: #400000; font-size: medium;\"><a href=\"https:\/\/photos.app.goo.gl\/d84YPN2DcaSpZr31A\" target=\"_blank\" rel=\"noopener\"><span style=\"color: #400000;\">02-03-2025 PRESENTACI\u00d3N DEL LLIBRET<\/span><\/a><\/span><\/div><div style=\"background-color: #fcf0d8; text-align: left;\"><span style=\"color: #400000; font-size: medium;\"><a href=\"https:\/\/photos.app.goo.gl\/yrR6YnfKJx9mcRzE8\" target=\"_blank\" rel=\"noopener\"><span style=\"color: #400000;\">01-03-2025 VISITA A LA EXPOSICI\u00d3N DEL NINOT<\/span><\/a><\/span><\/div><div style=\"background-color: #fcf0d8; text-align: left;\"><span style=\"font-size: medium;\"><a href=\"https:\/\/photos.app.goo.gl\/bndT8WdN721iYWXS7\" target=\"_blank\" rel=\"noopener\"><span style=\"color: #400000;\">23-02-2025\u00a0<\/span><span style=\"color: #400000;\">CRIDA<\/span><\/a><\/span><\/div><div style=\"background-color: #fcf0d8; text-align: left;\"><span style=\"font-size: medium;\"><a href=\"https:\/\/photos.app.goo.gl\/QhXVkfxy7zMv7p73A\" target=\"_blank\" rel=\"noopener\"><span style=\"color: #400000;\">23-02-2025\u00a0<\/span><span style=\"color: #400000; text-align: center;\">\u00a0<\/span><span style=\"color: #400000; text-align: center;\">XI FESTA LA TAPA<\/span><\/a><\/span><\/div><div style=\"background-color: #fcf0d8; text-align: left;\"><a href=\"https:\/\/photos.app.goo.gl\/bZJjJCuSGGPeaMUm9\" target=\"_blank\" rel=\"noopener\"><span style=\"color: #400000; font-size: medium;\">16-02-2025 CENA DE RECOMPENSAS<\/span><\/a><\/div><div style=\"background-color: #fcf0d8; text-align: left;\"><a href=\"https:\/\/photos.app.goo.gl\/A9xqNa2PFZyEx8gWA\" target=\"_blank\" rel=\"noopener\"><span style=\"color: #400000; font-size: medium;\">28-01-2025 NUESTRO NINOT INFANTIL, LLEGA A LA EXPOSICI\u00d3N<\/span><\/a><\/div><div style=\"background-color: #fcf0d8; text-align: left;\"><a href=\"https:\/\/photos.app.goo.gl\/4Ar8eW7iKT9hpnqWA\" target=\"_blank\" rel=\"noopener\"><span style=\"color: #400000; font-size: medium;\">28-01-2025 DESDE ALC\u00c1CER HASTA LA EXPOSICI\u00d3N DEL NINOT<\/span><\/a><\/div><div style=\"background-color: #fcf0d8; text-align: left;\"><a href=\"https:\/\/photos.app.goo.gl\/kj3EF7bryAsfn3Kd7\" target=\"_blank\" rel=\"noopener\"><span style=\"color: #400000; font-size: medium;\">26-01-2025 TAPA SOLIDARIA<\/span><\/a><\/div><div style=\"background-color: #fcf0d8; text-align: left;\"><a href=\"https:\/\/photos.app.goo.gl\/oXsbVucrJ6eaqr8h6\" target=\"_blank\" rel=\"noopener\"><span style=\"color: #400000; font-size: medium;\">25-01-2025 SEMANA CULTURAL charla ofrecida por\u00a0<span style=\"text-align: center;\">Don \u00d3scar Rueda<\/span><\/span><\/a><\/div><div style=\"background-color: #fcf0d8; text-align: left;\"><a href=\"https:\/\/photos.app.goo.gl\/AQFmH3eFeaYtcaJJA\" target=\"_blank\" rel=\"noopener\"><span style=\"color: #400000; font-size: medium;\">24-01-2025 SEMANA CULTURAL\u00a0<span style=\"text-align: justify;\">charla ofrecida\u00a0<\/span><span style=\"text-align: justify;\">por Do\u00f1a Beatriz Rabasa<\/span><\/span><\/a><\/div><div style=\"background-color: #fcf0d8; text-align: left;\"><a style=\"background-color: transparent;\" href=\"https:\/\/photos.google.com\/u\/2\/share\/AF1QipPuVC3mFXyfU01cMOhftz2IfmWVeQ7iVKY7I3FeJZSbrbDQAbNgcivp45VMapFguA?key=N0hJWVZEd1Q0amFTanA3ajZYQTF2cGw2SmdmODN3\" target=\"_blank\" rel=\"noopener\"><span style=\"color: #400000; font-size: medium;\">12-01-2025 VISITA AL TALLER DE LA\u00a0 FALLA INFANTIL<\/span><\/a><\/div><\/div><div><p><a style=\"font-size: medium;\" href=\"https:\/\/photos.google.com\/u\/2\/share\/AF1QipNCBz3hrhtcSwcePICDgNHT1l2ZamjLqFIW06LZ1BQt2T6ahSceFa3jkG-dDKp7rA?key=MUZvS2RaUFVRQzlmMk1kTThjU18tc002VEdyekR3\" target=\"_blank\" rel=\"noopener\"><span style=\"color: #400000;\">12-01-2025 MUSEO DE LAS ILUSIONES<\/span><\/a><\/p><p><a style=\"font-size: medium;\" href=\"https:\/\/photos.google.com\/u\/2\/share\/AF1QipM0r0iNKVXCtlLYirtaz8hlhuy5qA08rtcUAJSjfDZTLKlpk3jhb35AdWVOUU3SQQ?key=TFdKZnlsTTZDMWFtX2tUb2NzRG0tbE5zVElCSGlB\" target=\"_blank\" rel=\"noopener\"><span style=\"color: #400000;\">21-12-2024 CENA\u00a0DE NAVIDAD<\/span><\/a><\/p><div><div><div style=\"line-height: normal; margin-bottom: 0cm;\"><div style=\"line-height: normal; margin-bottom: 0cm;\"><div style=\"line-height: normal; margin-bottom: 0cm;\"><span style=\"color: #400000; font-size: medium;\"><a href=\"https:\/\/photos.google.com\/u\/2\/share\/AF1QipOIw5dFPeqDbiqzDWC7Zj_FHec2hdtIHTkak_oLtRfg0s2dqYsuOwF87HaLXy0_kA?key=RmZCV3hPbXJBdTkwTmg0WTJBaW4yS0dGTXBZV0dn\" target=\"_blank\" rel=\"noopener\">13-12-2024 TALLER DE\u00a0INFANTILES CON \u00abLA MIRE<\/a>\u00ab<\/span><\/div><div><div style=\"line-height: normal; margin-bottom: 0cm;\"><span style=\"font-size: medium;\"><a href=\"https:\/\/photos.google.com\/u\/2\/share\/AF1QipMQdQ0_i36pfcrzLw-e7U2_Ug-_zBAYm3gtKL8HCvtnEu6jj4tOhdBNK9TtrnlbrA?key=N1EtQ082cWFYSzBoV09KWG0xZFV2eTZzNWthRTd3\" target=\"_blank\" rel=\"noopener\"><span style=\"color: #400000;\">1-12-2024\u00a0BEL\u00c9N<\/span><\/a><\/span><\/div><\/div><div><div style=\"line-height: normal; margin-bottom: 0cm;\"><a href=\"https:\/\/photos.google.com\/u\/2\/share\/AF1QipOqNAK90xLYzuzx6jV0rtpJDXqNJONV92vZcQeOm0N6IbevYOPzsyokRgk3-cMOhg?key=OWlHaDdIdk15VEtMQ3d5cUNsMWx4eGxfVjZ1UTZR\" target=\"_blank\" rel=\"noopener\"><span style=\"color: #400000; font-size: medium;\">30-11-2024 LA NO PRESENTACI\u00d3N<\/span><\/a><\/div><div style=\"line-height: normal; margin-bottom: 0cm;\"><a href=\"https:\/\/photos.app.goo.gl\/tHr78qXK27cvd8hN7\" target=\"_blank\" rel=\"noopener\"><span style=\"color: #400000; font-size: medium;\">23-11-2024 II CAMPEONATO DE DARDOS DE LA AGRUPACI\u00d3N PILAR SANT FRANCESC<\/span><\/a><\/div><\/div><div style=\"line-height: normal; margin-bottom: 0cm;\"><div><div style=\"line-height: normal; margin-bottom: 0cm;\"><a href=\"https:\/\/photos.app.goo.gl\/P8MeWFdvL2ZJGX4t5\" target=\"_blank\" rel=\"noopener\"><span style=\"color: #400000; font-size: medium;\">16-11-2024 CAMPEONATO DE DARDOS<br \/><\/span><\/a><\/div><div><p>\u00a0<\/p><div style=\"line-height: normal; margin-bottom: 0cm;\"><a href=\"https:\/\/photos.app.goo.gl\/oQiH7FpTZoxGhLmX9\" target=\"_blank\" rel=\"noopener\"><span style=\"color: #400000;\">09-10-2024 PAELLAS DE GERMANOR<\/span><\/a><\/div><div><div style=\"line-height: normal; margin-bottom: 0cm;\"><div><div style=\"line-height: normal; margin-bottom: 0cm;\"><div style=\"line-height: normal; margin-bottom: 0cm;\"><span style=\"font-size: medium;\"><a href=\"https:\/\/photos.app.goo.gl\/hHdrqL7FGbecGpzQA\" target=\"_blank\" rel=\"noopener\"><span style=\"color: #400000;\">05-10-2024 CENA MORUNA<br \/><\/span><\/a><\/span><\/div><div><p>\u00a0<\/p><div style=\"line-height: normal; margin-bottom: 0cm;\"><span style=\"font-size: medium;\"><span style=\"color: #400000;\"><a href=\"https:\/\/photos.google.com\/u\/2\/share\/AF1QipOfuyo6WQF_DROb-MWWnk-hTyRQfFvEFXvCiTn4WwoAwhAed8oklBhl-XR0z_bOcA?key=YmRKSUdieTJXYWc0V01jWXZPZ1hYYlJ4MlNtUDNn\" target=\"_blank\" rel=\"noopener\"><span style=\"color: #400000;\">15-06-2024 PAELLAS DE SAN JUAN<\/span><\/a><\/span><\/span><\/div><\/div><\/div><\/div><\/div><\/div><\/div><\/div><\/div><\/div><\/div><\/div><\/div><\/div><\/div><\/div><div style=\"line-height: normal; margin-bottom: 0cm; text-align: left;\">\u00a0<\/div>\t\t\t\t\t\t\t\t<\/div>\n\t\t\t\t<\/div>\n\t\t\t\t\t<\/div>\n\t\t\t\t<\/div>\n\t\t\t\t<\/div>\n\t\t","protected":false},"excerpt":{"rendered":"<p>\u00a014-06-2025\u00a0PAELLAS TAPA Y M\u00daSICA DE SAN JUAN18-05-2025\u00a0PAELLAS AGRUPACI\u00d3N EL PILAR SANT FRANCESC10-05-2025 BOLSERIACHEF II EDICI\u00d3N19-03-2025 CENA Y CREM\u00c1 FALLA GRANDE19-03-2025 PASACALLE Y CREM\u00c1 INFANTIL19-03-2025 TARDE DE JUEGOS19-03-2025 HOMENAJE A BERNAT I BALDOVI19-03-2025 MISA DE SAN JOS\u00c918-03-2025 OFRENDA DE FLORES17-03-2025 NOCHE DE DJ17-03-2025 PASACALLE CON \u00abLA FOLKI\u00bb17-03-2025 VISITA A LA GENERALITAT17-03-2025 RECOGIDA DE PREMIOS16-03-2025 RECOGIDA DE &hellip; <\/p>\n<p class=\"link-more\"><a href=\"https:\/\/fallabolseria.es\/index.php\/fotos-2025\/\" class=\"more-link\">Continuar leyendo<span class=\"screen-reader-text\"> \u00abFOTOS 2025\u00bb<\/span><\/a><\/p>\n","protected":false},"author":2,"featured_media":0,"parent":0,"menu_order":0,"comment_status":"closed","ping_status":"closed","template":"","meta":{"footnotes":""},"class_list":["post-1222","page","type-page","status-publish","hentry"],"_links":{"self":[{"href":"https:\/\/fallabolseria.es\/index.php\/wp-json\/wp\/v2\/pages\/1222","targetHints":{"allow":["GET"]}}],"collection":[{"href":"https:\/\/fallabolseria.es\/index.php\/wp-json\/wp\/v2\/pages"}],"about":[{"href":"https:\/\/fallabolseria.es\/index.php\/wp-json\/wp\/v2\/types\/page"}],"author":[{"embeddable":true,"href":"https:\/\/fallabolseria.es\/index.php\/wp-json\/wp\/v2\/users\/2"}],"replies":[{"embeddable":true,"href":"https:\/\/fallabolseria.es\/index.php\/wp-json\/wp\/v2\/comments?post=1222"}],"version-history":[{"count":3,"href":"https:\/\/fallabolseria.es\/index.php\/wp-json\/wp\/v2\/pages\/1222\/revisions"}],"predecessor-version":[{"id":2860,"href":"https:\/\/fallabolseria.es\/index.php\/wp-json\/wp\/v2\/pages\/1222\/revisions\/2860"}],"wp:attachment":[{"href":"https:\/\/fallabolseria.es\/index.php\/wp-json\/wp\/v2\/media?parent=1222"}],"curies":[{"name":"wp","href":"https:\/\/api.w.org\/{rel}","templated":true}]}}